{"id":1623,"date":"2026-02-04T09:45:08","date_gmt":"2026-02-04T09:45:08","guid":{"rendered":"https:\/\/adiem-ag.com\/?page_id=1623"},"modified":"2026-02-05T07:19:51","modified_gmt":"2026-02-05T07:19:51","slug":"elementor-page-1623","status":"publish","type":"page","link":"https:\/\/adiem-ag.com\/en\/elementor-page-1623\/","title":{"rendered":"Shop Page Banner #1623"},"content":{"rendered":"<div data-elementor-type=\"wp-page\" data-elementor-id=\"1623\" class=\"elementor elementor-1623\">\n\t\t\t\t<div class=\"elementor-element elementor-element-fc7a425 policy-banner e-flex e-con-boxed e-con e-parent\" data-id=\"fc7a425\" data-element_type=\"container\" data-e-type=\"container\" data-settings=\"{&quot;background_background&quot;:&quot;classic&quot;}\">\n\t\t\t\t\t<div class=\"e-con-inner\">\n\t\t<div class=\"elementor-element elementor-element-d01af2b e-con-full e-flex e-con e-child\" data-id=\"d01af2b\" data-element_type=\"container\" data-e-type=\"container\" data-settings=\"{&quot;position&quot;:&quot;absolute&quot;}\">\n\t\t<div class=\"elementor-element elementor-element-9025328 e-flex e-con-boxed e-con e-child\" data-id=\"9025328\" data-element_type=\"container\" data-e-type=\"container\">\n\t\t\t\t\t<div class=\"e-con-inner\">\n\t\t\t\t<div class=\"elementor-element elementor-element-715fc55 elementor-widget elementor-widget-heading\" data-id=\"715fc55\" data-element_type=\"widget\" data-e-type=\"widget\" data-widget_type=\"heading.default\">\n\t\t\t\t\t<h2 class=\"elementor-heading-title elementor-size-default\">Browse the Collection<\/h2>\t\t\t\t<\/div>\n\t\t\t\t<div class=\"elementor-element elementor-element-8ebb125 elementor-widget elementor-widget-heading\" data-id=\"8ebb125\" data-element_type=\"widget\" data-e-type=\"widget\" data-widget_type=\"heading.default\">\n\t\t\t\t\t<h2 class=\"elementor-heading-title elementor-size-default\">Hochwertige Dekoartikel kaufen<\/h2>\t\t\t\t<\/div>\n\t\t\t\t<div class=\"elementor-element elementor-element-62dc5f7 elementor-widget elementor-widget-heading\" data-id=\"62dc5f7\" data-element_type=\"widget\" data-e-type=\"widget\" data-widget_type=\"heading.default\">\n\t\t\t\t\t<h4 class=\"elementor-heading-title elementor-size-default\">Entdecken Sie unsere sorgf\u00e4ltig zusammengestellte Auswahl an Vasen, Schalen, Pflanzgef\u00e4\u00dfen und Dekorationsartikeln.<\/h4>\t\t\t\t<\/div>\n\t\t\t\t\t<\/div>\n\t\t\t\t<\/div>\n\t\t\t\t<\/div>\n\t\t\t\t\t<\/div>\n\t\t\t\t<\/div>\n\t\t\t\t<\/div>","protected":false},"excerpt":{"rendered":"<p>Browse the Collection Hochwertige Dekoartikel kaufen Entdecken Sie unsere sorgf\u00e4ltig zusammengestellte Auswahl an Vasen, Schalen, Pflanzgef\u00e4\u00dfen und Dekorationsartikeln.<\/p>","protected":false},"author":1,"featured_media":0,"parent":0,"menu_order":0,"comment_status":"closed","ping_status":"closed","template":"","meta":{"footnotes":""},"class_list":["post-1623","page","type-page","status-publish","hentry"],"jetpack_sharing_enabled":true,"_links":{"self":[{"href":"https:\/\/adiem-ag.com\/en\/wp-json\/wp\/v2\/pages\/1623","targetHints":{"allow":["GET"]}}],"collection":[{"href":"https:\/\/adiem-ag.com\/en\/wp-json\/wp\/v2\/pages"}],"about":[{"href":"https:\/\/adiem-ag.com\/en\/wp-json\/wp\/v2\/types\/page"}],"author":[{"embeddable":true,"href":"https:\/\/adiem-ag.com\/en\/wp-json\/wp\/v2\/users\/1"}],"replies":[{"embeddable":true,"href":"https:\/\/adiem-ag.com\/en\/wp-json\/wp\/v2\/comments?post=1623"}],"version-history":[{"count":11,"href":"https:\/\/adiem-ag.com\/en\/wp-json\/wp\/v2\/pages\/1623\/revisions"}],"predecessor-version":[{"id":1712,"href":"https:\/\/adiem-ag.com\/en\/wp-json\/wp\/v2\/pages\/1623\/revisions\/1712"}],"wp:attachment":[{"href":"https:\/\/adiem-ag.com\/en\/wp-json\/wp\/v2\/media?parent=1623"}],"curies":[{"name":"wp","href":"https:\/\/api.w.org\/{rel}","templated":true}]}}