{"id":3,"date":"2025-12-12T11:48:39","date_gmt":"2025-12-12T11:48:39","guid":{"rendered":"https:\/\/jobpazi.in\/adiem-ag\/?page_id=3"},"modified":"2026-02-04T06:50:29","modified_gmt":"2026-02-04T06:50:29","slug":"privacy-policy","status":"publish","type":"page","link":"https:\/\/adiem-ag.com\/index.php\/privacy-policy\/","title":{"rendered":"Datenschutzrichtlinie"},"content":{"rendered":"\t\t<div data-elementor-type=\"wp-page\" data-elementor-id=\"3\" class=\"elementor elementor-3\">\n\t\t\t\t<div class=\"elementor-element elementor-element-2dfd447 policy-banner e-flex e-con-boxed e-con e-parent\" data-id=\"2dfd447\" data-element_type=\"container\" data-settings=\"{&quot;background_background&quot;:&quot;classic&quot;}\">\n\t\t\t\t\t<div class=\"e-con-inner\">\n\t\t<div class=\"elementor-element elementor-element-8951396 e-con-full e-flex e-con e-child\" data-id=\"8951396\" data-element_type=\"container\" data-settings=\"{&quot;position&quot;:&quot;absolute&quot;}\">\n\t\t<div class=\"elementor-element elementor-element-2103d69 e-flex e-con-boxed e-con e-child\" data-id=\"2103d69\" data-element_type=\"container\">\n\t\t\t\t\t<div class=\"e-con-inner\">\n\t\t\t\t<div class=\"elementor-element elementor-element-5e82a4e elementor-widget elementor-widget-heading\" data-id=\"5e82a4e\" data-element_type=\"widget\" data-widget_type=\"heading.default\">\n\t\t\t\t\t<h2 class=\"elementor-heading-title elementor-size-default\">Datenschutzrichtlinie<\/h2>\t\t\t\t<\/div>\n\t\t\t\t<div class=\"elementor-element elementor-element-f166219 elementor-widget elementor-widget-heading\" data-id=\"f166219\" data-element_type=\"widget\" data-widget_type=\"heading.default\">\n\t\t\t\t\t<h2 class=\"elementor-heading-title elementor-size-default\">Erfahren Sie mehr \u00fcber Ihre Rechte und Pflichten.<\/h2>\t\t\t\t<\/div>\n\t\t\t\t\t<\/div>\n\t\t\t\t<\/div>\n\t\t\t\t<\/div>\n\t\t\t\t\t<\/div>\n\t\t\t\t<\/div>\n\t\t<div class=\"elementor-element elementor-element-48e27fb policy-pages e-flex e-con-boxed e-con e-parent\" data-id=\"48e27fb\" data-element_type=\"container\">\n\t\t\t\t\t<div class=\"e-con-inner\">\n\t\t\t\t<div class=\"elementor-element elementor-element-bd6f9a2 text-container elementor-widget elementor-widget-text-editor\" data-id=\"bd6f9a2\" data-element_type=\"widget\" data-widget_type=\"text-editor.default\">\n\t\t\t\t\t\t\t\t\t<h3><strong>Rechtlicher Hinweis<\/strong><\/h3>\n<p>Die ADIEM AG (\u201ewir\u201c, \u201eunser\u201c, \u201euns\u201c) legt gro\u00dfen Wert auf den Schutz Ihrer Daten. Diese Datenschutzerkl\u00e4rung erl\u00e4utert, wie wir Ihre personenbezogenen Daten erfassen, verwenden und sch\u00fctzen, wenn Sie unsere Website besuchen oder unsere Dienste nutzen.<\/p>\n<p>\u00a0<\/p>\n<h4>1. Informationen, die wir sammeln<\/h4>\n<p>Wir erfassen m\u00f6glicherweise folgende Informationen:<\/p>\n<ul>\n<li>Pers\u00f6nliche Daten wie Name, E-Mail-Adresse, Telefonnummer und Firmenname werden erfasst, wenn Sie uns kontaktieren oder ein Formular ausf\u00fcllen.<\/li>\n<li>Informationen zu Bestellungen, Anfragen oder Projektanfragen<\/li>\n<li>Technische Daten wie IP-Adresse, Browsertyp, Ger\u00e4teinformationen und besuchte Seiten<\/li>\n<li>Cookies und Nutzungsdaten zur Verbesserung der Website-Performance und des Nutzererlebnisses<\/li>\n<\/ul>\n<p>\u00a0<\/p>\n<h4>2. Wie wir Ihre Daten verwenden<\/h4>\n<p>Wir verwenden Ihre Daten f\u00fcr folgende Zwecke:<\/p>\n<ul>\n<li>Anfragen beantworten und Kundensupport leisten<\/li>\n<li>Bestellungen bearbeiten und Transaktionen verwalten<\/li>\n<li>Verbessern Sie unsere Website, Produkte und Dienstleistungen<\/li>\n<li>Kommunizieren Sie Aktualisierungen, Angebote oder wichtige Informationen (nur wenn dies zul\u00e4ssig ist).<\/li>\n<li>Gew\u00e4hrleisten Sie die Sicherheit Ihrer Website und beugen Sie Betrug vor.<\/li>\n<\/ul>\n<h4>\u00a0<\/h4>\n<h4>3. Cookies<\/h4>\n<p>Unsere Website verwendet Cookies, um die Benutzerfreundlichkeit zu verbessern und den Website-Verkehr zu analysieren. Cookies helfen uns zu verstehen, wie Besucher unsere Website nutzen, damit wir Funktionalit\u00e4t und Inhalte optimieren k\u00f6nnen.<\/p>\n<p>Sie k\u00f6nnen Cookies jederzeit \u00fcber Ihre Browsereinstellungen verwalten oder deaktivieren.<\/p>\n<h4>\u00a0<\/h4>\n<h4>4. Informationsaustausch<\/h4>\n<p>Wir verkaufen oder vermieten Ihre pers\u00f6nlichen Daten nicht.\u2028<\/p>\n<p>Ihre Daten werden m\u00f6glicherweise nur an folgende Stellen weitergegeben:<\/p>\n<p>Dienstleister, die uns beim Betrieb unserer Website oder bei der Bearbeitung von Bestellungen unterst\u00fctzen<\/p>\n<p>Rechtliche Beh\u00f6rden, falls gesetzlich erforderlich<\/p>\n<h4>\u00a0<\/h4>\n<h4>5. Datensicherheit<\/h4>\n<p>Wir treffen geeignete technische und organisatorische Ma\u00dfnahmen, um Ihre personenbezogenen Daten vor unbefugtem Zugriff, Verlust, Missbrauch oder Ver\u00e4nderung zu sch\u00fctzen.<\/p>\n<h4>\u00a0<\/h4>\n<h4>6. \u00c4nderungen dieser Richtlinie<\/h4>\n<p>Wir k\u00f6nnen diese Datenschutzrichtlinie von Zeit zu Zeit aktualisieren. Alle \u00c4nderungen werden auf dieser Seite mit dem aktualisierten Revisionsdatum ver\u00f6ffentlicht.<\/p>\t\t\t\t\t\t\t\t<\/div>\n\t\t\t\t\t<\/div>\n\t\t\t\t<\/div>\n\t\t\t\t<\/div>\n\t\t","protected":false},"excerpt":{"rendered":"<p>Datenschutzrichtlinie Erfahren Sie mehr \u00fcber Ihre Rechte und Pflichten. Rechtlicher Hinweis Die ADIEM AG (\u201ewir\u201c, \u201eunser\u201c, \u201euns\u201c) legt gro\u00dfen Wert auf den Schutz Ihrer Daten. Diese Datenschutzerkl\u00e4rung erl\u00e4utert, wie wir Ihre personenbezogenen Daten erfassen, verwenden und sch\u00fctzen, wenn Sie unsere Website besuchen oder unsere Dienste nutzen. \u00a0 1. Informationen, die wir sammeln Wir erfassen m\u00f6glicherweise [&hellip;]<\/p>\n","protected":false},"author":1,"featured_media":0,"parent":0,"menu_order":0,"comment_status":"closed","ping_status":"open","template":"","meta":{"footnotes":""},"class_list":["post-3","page","type-page","status-publish","hentry"],"jetpack_sharing_enabled":true,"_links":{"self":[{"href":"https:\/\/adiem-ag.com\/index.php\/wp-json\/wp\/v2\/pages\/3","targetHints":{"allow":["GET"]}}],"collection":[{"href":"https:\/\/adiem-ag.com\/index.php\/wp-json\/wp\/v2\/pages"}],"about":[{"href":"https:\/\/adiem-ag.com\/index.php\/wp-json\/wp\/v2\/types\/page"}],"author":[{"embeddable":true,"href":"https:\/\/adiem-ag.com\/index.php\/wp-json\/wp\/v2\/users\/1"}],"replies":[{"embeddable":true,"href":"https:\/\/adiem-ag.com\/index.php\/wp-json\/wp\/v2\/comments?post=3"}],"version-history":[{"count":34,"href":"https:\/\/adiem-ag.com\/index.php\/wp-json\/wp\/v2\/pages\/3\/revisions"}],"predecessor-version":[{"id":1597,"href":"https:\/\/adiem-ag.com\/index.php\/wp-json\/wp\/v2\/pages\/3\/revisions\/1597"}],"wp:attachment":[{"href":"https:\/\/adiem-ag.com\/index.php\/wp-json\/wp\/v2\/media?parent=3"}],"curies":[{"name":"wp","href":"https:\/\/api.w.org\/{rel}","templated":true}]}}